{"id":8,"date":"2026-02-20T14:13:12","date_gmt":"2026-02-20T14:13:12","guid":{"rendered":"https:\/\/mediation-rhone-alpes.com\/?page_id=8"},"modified":"2026-02-25T15:31:17","modified_gmt":"2026-02-25T15:31:17","slug":"accueil","status":"publish","type":"page","link":"https:\/\/mediation-rhone-alpes.com\/","title":{"rendered":"Accueil"},"content":{"rendered":"\n<div class=\"wp-block-group alignfull has-background is-layout-constrained wp-container-core-group-is-layout-350817e6 wp-block-group-is-layout-constrained\" style=\"background-color:#1f2e3d;padding-top:80px;padding-right:80px;padding-bottom:80px;padding-left:80px\">\n<h1 class=\"wp-block-heading has-white-color has-text-color has-link-color wp-elements-183f2b63ba663eb2da7682e3148ba50b\">M\u00e9diation Rh\u00f4ne Alpes<\/h1>\n\n\n\n<p class=\"has-white-color has-text-color has-link-color wp-elements-a94ca27644146366d730c0f8763f37a3\">Association loi 1901 d\u00e9di\u00e9e \u00e0 la mise en relation de m\u00e9diateurs professionnels en r\u00e9gion Rh\u00f4ne-Alpes.<\/p>\n\n\n\n<div class=\"wp-block-buttons is-layout-flex wp-block-buttons-is-layout-flex\" style=\"padding-top:0;padding-right:0;padding-bottom:0;padding-left:0\">\n<div class=\"wp-block-button\"><a class=\"wp-block-button__link has-white-color has-ast-global-color-1-background-color has-text-color has-background has-link-color wp-element-button\">Trouver un m\u00e9diateur certifi\u00e9<\/a><\/div>\n<\/div>\n<\/div>\n\n\n\n<div class=\"wp-block-group alignfull has-ast-global-color-5-background-color has-background is-layout-constrained wp-container-core-group-is-layout-c06d165c wp-block-group-is-layout-constrained\" style=\"padding-top:0;padding-right:0;padding-bottom:0;padding-left:0\">\n<div class=\"wp-block-columns has-background is-layout-flex wp-container-core-columns-is-layout-a5331a9e wp-block-columns-is-layout-flex\" style=\"background-color:#f4f6f8;padding-top:0;padding-right:0;padding-bottom:0;padding-left:0\">\n<div class=\"wp-block-column has-ast-global-color-5-background-color has-background is-layout-flow wp-block-column-is-layout-flow\" style=\"flex-basis:100%\">\n<div class=\"wp-block-group alignfull has-ast-global-color-5-background-color has-background is-layout-constrained wp-block-group-is-layout-constrained\">\n<h2 class=\"wp-block-heading alignfull has-text-align-left has-ast-global-color-6-color has-text-color has-link-color wp-elements-efaafb95b17d092e833c578df25cfbc0\" style=\"margin-top:40px;margin-right:0;margin-bottom:40px;margin-left:0;padding-top:0;padding-bottom:0;font-size:36px\">Pourquoi choisir la m\u00e9diation ?<\/h2>\n\n\n\n<div class=\"wp-block-columns is-layout-flex wp-container-core-columns-is-layout-7abde1fe wp-block-columns-is-layout-flex\" style=\"padding-top:var(--wp--preset--spacing--40);padding-bottom:var(--wp--preset--spacing--40)\">\n<div class=\"wp-block-column has-border-color has-white-border-color has-ast-global-color-4-background-color has-background is-layout-flow wp-block-column-is-layout-flow\" style=\"border-width:1px;border-top-left-radius:16px;border-top-right-radius:16px;border-bottom-left-radius:16px;border-bottom-right-radius:16px;padding-top:25px;padding-bottom:25px;box-shadow:var(--wp--preset--shadow--deep)\">\n<figure class=\"wp-block-image size-large\"><img loading=\"lazy\" decoding=\"async\" width=\"1024\" height=\"683\" src=\"https:\/\/mediation-rhone-alpes.com\/wp-content\/uploads\/2026\/02\/1-1024x683.png\" alt=\"\" class=\"wp-image-41\" srcset=\"https:\/\/mediation-rhone-alpes.com\/wp-content\/uploads\/2026\/02\/1-1024x683.png 1024w, https:\/\/mediation-rhone-alpes.com\/wp-content\/uploads\/2026\/02\/1-300x200.png 300w, https:\/\/mediation-rhone-alpes.com\/wp-content\/uploads\/2026\/02\/1-768x512.png 768w, https:\/\/mediation-rhone-alpes.com\/wp-content\/uploads\/2026\/02\/1.png 1536w\" sizes=\"auto, (max-width: 1024px) 100vw, 1024px\" \/><\/figure>\n\n\n\n<h3 class=\"wp-block-heading has-text-align-center\">Rapidit\u00e9<\/h3>\n\n\n\n<p class=\"has-text-align-center\">Solution plus rapide qu\u2019une proc\u00e9dure judiciaire.<\/p>\n<\/div>\n\n\n\n<div class=\"wp-block-column has-border-color has-white-border-color has-white-background-color has-background is-layout-flow wp-block-column-is-layout-flow\" style=\"border-width:1px;border-top-left-radius:16px;border-top-right-radius:16px;border-bottom-left-radius:16px;border-bottom-right-radius:16px;padding-top:25px;padding-bottom:25px;box-shadow:var(--wp--preset--shadow--deep)\">\n<figure class=\"wp-block-image size-large\" style=\"margin-top:0;margin-bottom:0\"><img loading=\"lazy\" decoding=\"async\" width=\"1024\" height=\"683\" src=\"https:\/\/mediation-rhone-alpes.com\/wp-content\/uploads\/2026\/02\/2-1024x683.png\" alt=\"\" class=\"wp-image-42\" srcset=\"https:\/\/mediation-rhone-alpes.com\/wp-content\/uploads\/2026\/02\/2-1024x683.png 1024w, https:\/\/mediation-rhone-alpes.com\/wp-content\/uploads\/2026\/02\/2-300x200.png 300w, https:\/\/mediation-rhone-alpes.com\/wp-content\/uploads\/2026\/02\/2-768x512.png 768w, https:\/\/mediation-rhone-alpes.com\/wp-content\/uploads\/2026\/02\/2.png 1536w\" sizes=\"auto, (max-width: 1024px) 100vw, 1024px\" \/><\/figure>\n\n\n\n<h3 class=\"wp-block-heading has-text-align-center\">Confidentialit\u00e9<\/h3>\n\n\n\n<p class=\"has-text-align-center\">Des \u00e9changes prot\u00e9g\u00e9s et respectueux.<\/p>\n<\/div>\n\n\n\n<div class=\"wp-block-column has-border-color has-white-border-color has-ast-global-color-4-background-color has-background is-layout-flow wp-block-column-is-layout-flow\" style=\"border-width:1px;border-top-left-radius:16px;border-top-right-radius:16px;border-bottom-left-radius:16px;border-bottom-right-radius:16px;padding-top:24px;padding-bottom:24px;box-shadow:var(--wp--preset--shadow--deep)\">\n<figure class=\"wp-block-image size-large\"><img loading=\"lazy\" decoding=\"async\" width=\"1536\" height=\"1024\" src=\"https:\/\/mediation-rhone-alpes.com\/wp-content\/uploads\/2026\/02\/3-1024x683.png\" alt=\"\" class=\"wp-image-43\" srcset=\"https:\/\/mediation-rhone-alpes.com\/wp-content\/uploads\/2026\/02\/3-1024x683.png 1024w, https:\/\/mediation-rhone-alpes.com\/wp-content\/uploads\/2026\/02\/3-300x200.png 300w, https:\/\/mediation-rhone-alpes.com\/wp-content\/uploads\/2026\/02\/3-768x512.png 768w, https:\/\/mediation-rhone-alpes.com\/wp-content\/uploads\/2026\/02\/3.png 1536w\" sizes=\"auto, (max-width: 1536px) 100vw, 1536px\" \/><\/figure>\n\n\n\n<h3 class=\"wp-block-heading has-text-align-center\">Solution durable<\/h3>\n\n\n\n<p class=\"has-text-align-center\">Un accord construit ensemble et adapt\u00e9.<\/p>\n<\/div>\n<\/div>\n<\/div>\n<\/div>\n<\/div>\n<\/div>\n\n\n\n<div class=\"wp-block-group alignfull has-ast-global-color-5-background-color has-background is-layout-constrained wp-container-core-group-is-layout-09a25538 wp-block-group-is-layout-constrained\" style=\"margin-top:var(--wp--preset--spacing--40);margin-bottom:var(--wp--preset--spacing--40);padding-top:0;padding-right:0;padding-bottom:0;padding-left:0\">\n<div class=\"wp-block-group alignfull has-ast-global-color-5-background-color has-background is-content-justification-center is-layout-constrained wp-container-core-group-is-layout-cd619742 wp-block-group-is-layout-constrained\" style=\"margin-top:0;margin-bottom:0;padding-top:0;padding-right:0;padding-bottom:0;padding-left:0\">\n<h2 class=\"wp-block-heading has-text-align-left has-large-font-size\">\u00c0 qui s&#8217;adresse la m\u00e9diation ?<\/h2>\n\n\n\n<p><\/p>\n\n\n\n<h3 class=\"wp-block-heading\">La m\u00e9diation, pour les particuliers et les professionnels.<\/h3>\n\n\n\n<p><\/p>\n\n\n\n<p>Un conflit peut toucher la sph\u00e8re priv\u00e9e comme le monde professionnel.<br>La m\u00e9diation offre un cadre s\u00e9curis\u00e9 pour r\u00e9tablir le dialogue et construire une solution adapt\u00e9e \u00e0 votre r\u00e9alit\u00e9.<\/p>\n\n\n\n<div class=\"wp-block-columns is-layout-flex wp-container-core-columns-is-layout-28f84493 wp-block-columns-is-layout-flex\">\n<div class=\"wp-block-column has-border-color has-ast-global-color-4-border-color has-ast-global-color-4-background-color has-background is-layout-flow wp-block-column-is-layout-flow\" style=\"border-width:1px;border-top-left-radius:16px;border-top-right-radius:16px;border-bottom-left-radius:16px;border-bottom-right-radius:16px;padding-top:25px;padding-bottom:25px;box-shadow:var(--wp--preset--shadow--deep)\">\n<figure class=\"wp-block-image aligncenter size-full is-resized\"><img loading=\"lazy\" decoding=\"async\" width=\"1536\" height=\"1024\" src=\"https:\/\/mediation-rhone-alpes.com\/wp-content\/uploads\/2026\/02\/4.png\" alt=\"\" class=\"wp-image-54\" style=\"aspect-ratio:1.500021353833013;object-fit:cover;width:200px\" srcset=\"https:\/\/mediation-rhone-alpes.com\/wp-content\/uploads\/2026\/02\/4.png 1536w, https:\/\/mediation-rhone-alpes.com\/wp-content\/uploads\/2026\/02\/4-300x200.png 300w, https:\/\/mediation-rhone-alpes.com\/wp-content\/uploads\/2026\/02\/4-1024x683.png 1024w, https:\/\/mediation-rhone-alpes.com\/wp-content\/uploads\/2026\/02\/4-768x512.png 768w\" sizes=\"auto, (max-width: 1536px) 100vw, 1536px\" \/><\/figure>\n\n\n\n<h3 class=\"wp-block-heading has-text-align-center\">Pour les particuliers<\/h3>\n\n\n\n<ul style=\"border-top-left-radius:20px;border-top-right-radius:20px;border-bottom-left-radius:20px;border-bottom-right-radius:20px;padding-right:30px;padding-left:30px\" class=\"wp-block-list has-ast-global-color-4-background-color has-background\">\n<li>Conflits familiaux<\/li>\n\n\n\n<li>S\u00e9parations et d\u00e9saccords parentaux<\/li>\n\n\n\n<li>Successions<\/li>\n\n\n\n<li>Voisinage<\/li>\n\n\n\n<li>Copropri\u00e9t\u00e9<\/li>\n<\/ul>\n\n\n\n<p>Une approche apais\u00e9e pour pr\u00e9server les relations et \u00e9viter l\u2019escalade.<\/p>\n<\/div>\n\n\n\n<div class=\"wp-block-column has-border-color has-ast-global-color-4-border-color has-ast-global-color-4-background-color has-background is-layout-flow wp-block-column-is-layout-flow\" style=\"border-width:1px;border-top-left-radius:16px;border-top-right-radius:16px;border-bottom-left-radius:16px;border-bottom-right-radius:16px;padding-top:25px;padding-bottom:25px;box-shadow:var(--wp--preset--shadow--deep)\">\n<figure class=\"wp-block-image aligncenter size-full is-resized has-custom-border is-style-rounded\" style=\"margin-top:0;margin-right:0;margin-bottom:0;margin-left:0\"><img loading=\"lazy\" decoding=\"async\" width=\"1536\" height=\"1024\" src=\"https:\/\/mediation-rhone-alpes.com\/wp-content\/uploads\/2026\/02\/5.png\" alt=\"\" class=\"wp-image-56\" style=\"border-top-left-radius:0px;border-top-right-radius:0px;border-bottom-left-radius:0px;border-bottom-right-radius:0px;box-shadow:none;aspect-ratio:1.500021353833013;object-fit:cover;width:200px\" srcset=\"https:\/\/mediation-rhone-alpes.com\/wp-content\/uploads\/2026\/02\/5.png 1536w, https:\/\/mediation-rhone-alpes.com\/wp-content\/uploads\/2026\/02\/5-300x200.png 300w, https:\/\/mediation-rhone-alpes.com\/wp-content\/uploads\/2026\/02\/5-1024x683.png 1024w, https:\/\/mediation-rhone-alpes.com\/wp-content\/uploads\/2026\/02\/5-768x512.png 768w\" sizes=\"auto, (max-width: 1536px) 100vw, 1536px\" \/><\/figure>\n\n\n\n<h3 class=\"wp-block-heading has-text-align-center\">Pour les professionnels<\/h3>\n\n\n\n<ul style=\"padding-right:30px;padding-left:30px\" class=\"wp-block-list has-ast-global-color-4-background-color has-background\">\n<li style=\"border-top-left-radius:20px;border-top-right-radius:20px;border-bottom-left-radius:20px;border-bottom-right-radius:20px\">Conflits entre associ\u00e9s<\/li>\n\n\n\n<li>Relations employeur \/ salari\u00e9<\/li>\n\n\n\n<li>Litiges commerciaux<\/li>\n\n\n\n<li>Tensions internes<\/li>\n\n\n\n<li>D\u00e9saccords contractuels<\/li>\n<\/ul>\n\n\n\n<p>Une solution confidentielle pour prot\u00e9ger votre activit\u00e9 et votre image.<\/p>\n<\/div>\n<\/div>\n<\/div>\n<\/div>\n\n\n\n<div class=\"wp-block-group alignfull has-ast-global-color-5-background-color has-background is-layout-constrained wp-container-core-group-is-layout-81115059 wp-block-group-is-layout-constrained\" style=\"border-top-left-radius:16px;border-top-right-radius:16px;border-bottom-left-radius:16px;border-bottom-right-radius:16px;padding-top:25px;padding-right:25px;padding-bottom:25px;padding-left:25px;box-shadow:var(--wp--preset--shadow--natural)\">\n<h2 class=\"wp-block-heading has-large-font-size\">COMMENT \u00c7A FONCTIONNE ?<\/h2>\n\n\n\n<h3 class=\"wp-block-heading has-ast-global-color-5-background-color has-background\">Un processus clair et structur\u00e9<\/h3>\n\n\n\n<div class=\"wp-block-columns is-layout-flex wp-container-core-columns-is-layout-28f84493 wp-block-columns-is-layout-flex\">\n<div class=\"wp-block-column is-layout-flow wp-block-column-is-layout-flow\">\n<div class=\"wp-block-group alignfull has-ast-global-color-4-background-color has-background is-layout-constrained wp-container-core-group-is-layout-81115059 wp-block-group-is-layout-constrained\" style=\"border-top-left-radius:16px;border-top-right-radius:16px;border-bottom-left-radius:16px;border-bottom-right-radius:16px;padding-top:25px;padding-right:25px;padding-bottom:25px;padding-left:25px;box-shadow:var(--wp--preset--shadow--natural)\">\n<h3 class=\"wp-block-heading\">Prise de contact<\/h3>\n\n\n\n<p>Vous exposez votre situation. Nous vous orientons vers un m\u00e9diateur adapt\u00e9.<\/p>\n<\/div>\n\n\n\n<div class=\"wp-block-group alignfull has-ast-global-color-4-background-color has-background is-layout-constrained wp-container-core-group-is-layout-81115059 wp-block-group-is-layout-constrained\" style=\"border-top-left-radius:16px;border-top-right-radius:16px;border-bottom-left-radius:16px;border-bottom-right-radius:16px;padding-top:25px;padding-right:25px;padding-bottom:25px;padding-left:25px;box-shadow:var(--wp--preset--shadow--natural)\">\n<h3 class=\"wp-block-heading\">Entretien pr\u00e9alable<\/h3>\n\n\n\n<p>Un premier \u00e9change permet de v\u00e9rifier la faisabilit\u00e9 de la m\u00e9diation.<\/p>\n<\/div>\n\n\n\n<div class=\"wp-block-group alignfull has-ast-global-color-4-background-color has-background is-layout-constrained wp-container-core-group-is-layout-81115059 wp-block-group-is-layout-constrained\" style=\"border-top-left-radius:16px;border-top-right-radius:16px;border-bottom-left-radius:16px;border-bottom-right-radius:16px;padding-top:25px;padding-right:25px;padding-bottom:25px;padding-left:25px;box-shadow:var(--wp--preset--shadow--natural)\">\n<h3 class=\"wp-block-heading\">S\u00e9ances de m\u00e9diation<\/h3>\n\n\n\n<p>Les parties dialoguent dans un cadre s\u00e9curis\u00e9 et confidentiel.<\/p>\n<\/div>\n\n\n\n<div class=\"wp-block-group alignfull has-ast-global-color-4-background-color has-background is-layout-constrained wp-container-core-group-is-layout-81115059 wp-block-group-is-layout-constrained\" style=\"border-top-left-radius:16px;border-top-right-radius:16px;border-bottom-left-radius:16px;border-bottom-right-radius:16px;padding-top:25px;padding-right:25px;padding-bottom:25px;padding-left:25px;box-shadow:var(--wp--preset--shadow--natural)\">\n<h3 class=\"wp-block-heading\">Accord formalis\u00e9<\/h3>\n\n\n\n<p>Un accord peut \u00eatre r\u00e9dig\u00e9 si les parties trouvent une solution commune.<\/p>\n<\/div>\n<\/div>\n<\/div>\n<\/div>\n\n\n\n<div class=\"wp-block-group alignfull has-background is-layout-constrained wp-block-group-is-layout-constrained\" style=\"background-color:#1f2e3d\">\n<h2 class=\"wp-block-heading has-text-align-center has-ast-global-color-4-color has-text-color has-link-color has-large-font-size wp-elements-2103ca991f37746966ee2138df5d1480\">Passez \u00e0 l\u2019action<\/h2>\n\n\n\n<h3 class=\"wp-block-heading has-ast-global-color-4-color has-text-color has-link-color wp-elements-220a7a86e27cdeb2b4dbd9cccb8b1025\">Un conflit ne doit pas devenir une rupture d\u00e9finitive.<\/h3>\n\n\n\n<p class=\"has-ast-global-color-4-color has-text-color has-link-color wp-elements-1cbca42ed3ea5502cf4f7b6587fe487b\">La m\u00e9diation permet de restaurer le dialogue, pr\u00e9server les relations et construire une solution durable.<br>Plus rapide qu\u2019une proc\u00e9dure judiciaire, plus humaine, plus constructive.<\/p>\n\n\n\n<div class=\"wp-block-buttons is-content-justification-center is-layout-flex wp-container-core-buttons-is-layout-a89b3969 wp-block-buttons-is-layout-flex\">\n<div class=\"wp-block-button\"><a class=\"wp-block-button__link has-text-align-center wp-element-button\">Demander un premier contact<\/a><\/div>\n<\/div>\n<\/div>\n\n\n\n<p><\/p>\n","protected":false},"excerpt":{"rendered":"<p>M\u00e9diation Rh\u00f4ne Alpes Association loi 1901 d\u00e9di\u00e9e \u00e0 la mise en relation de m\u00e9diateurs professionnels en r\u00e9gion Rh\u00f4ne-Alpes. Pourquoi choisir [&hellip;]<\/p>\n","protected":false},"author":1,"featured_media":0,"parent":0,"menu_order":0,"comment_status":"closed","ping_status":"closed","template":"","meta":{"site-sidebar-layout":"default","site-content-layout":"","ast-site-content-layout":"default","site-content-style":"default","site-sidebar-style":"default","ast-global-header-display":"","ast-banner-title-visibility":"","ast-main-header-display":"","ast-hfb-above-header-display":"","ast-hfb-below-header-display":"","ast-hfb-mobile-header-display":"","site-post-title":"disabled","ast-breadcrumbs-content":"","ast-featured-img":"","footer-sml-layout":"","ast-disable-related-posts":"","theme-transparent-header-meta":"","adv-header-id-meta":"","stick-header-meta":"","header-above-stick-meta":"","header-main-stick-meta":"","header-below-stick-meta":"","astra-migrate-meta-layouts":"default","ast-page-background-enabled":"default","ast-page-background-meta":{"desktop":{"background-color":"var(--ast-global-color-5)","background-image":"","background-repeat":"repeat","background-position":"center center","background-size":"auto","background-attachment":"scroll","background-type":"","background-media":"","overlay-type":"","overlay-color":"","overlay-opacity":"","overlay-gradient":""},"tablet":{"background-color":"","background-image":"","background-repeat":"repeat","background-position":"center center","background-size":"auto","background-attachment":"scroll","background-type":"","background-media":"","overlay-type":"","overlay-color":"","overlay-opacity":"","overlay-gradient":""},"mobile":{"background-color":"","background-image":"","background-repeat":"repeat","background-position":"center center","background-size":"auto","background-attachment":"scroll","background-type":"","background-media":"","overlay-type":"","overlay-color":"","overlay-opacity":"","overlay-gradient":""}},"ast-content-background-meta":{"desktop":{"background-color":"var(--ast-global-color-4)","background-image":"","background-repeat":"repeat","background-position":"center center","background-size":"auto","background-attachment":"scroll","background-type":"","background-media":"","overlay-type":"","overlay-color":"","overlay-opacity":"","overlay-gradient":""},"tablet":{"background-color":"var(--ast-global-color-4)","background-image":"","background-repeat":"repeat","background-position":"center center","background-size":"auto","background-attachment":"scroll","background-type":"","background-media":"","overlay-type":"","overlay-color":"","overlay-opacity":"","overlay-gradient":""},"mobile":{"background-color":"var(--ast-global-color-4)","background-image":"","background-repeat":"repeat","background-position":"center center","background-size":"auto","background-attachment":"scroll","background-type":"","background-media":"","overlay-type":"","overlay-color":"","overlay-opacity":"","overlay-gradient":""}},"footnotes":""},"class_list":["post-8","page","type-page","status-publish","hentry"],"_links":{"self":[{"href":"https:\/\/mediation-rhone-alpes.com\/index.php\/wp-json\/wp\/v2\/pages\/8","targetHints":{"allow":["GET"]}}],"collection":[{"href":"https:\/\/mediation-rhone-alpes.com\/index.php\/wp-json\/wp\/v2\/pages"}],"about":[{"href":"https:\/\/mediation-rhone-alpes.com\/index.php\/wp-json\/wp\/v2\/types\/page"}],"author":[{"embeddable":true,"href":"https:\/\/mediation-rhone-alpes.com\/index.php\/wp-json\/wp\/v2\/users\/1"}],"replies":[{"embeddable":true,"href":"https:\/\/mediation-rhone-alpes.com\/index.php\/wp-json\/wp\/v2\/comments?post=8"}],"version-history":[{"count":23,"href":"https:\/\/mediation-rhone-alpes.com\/index.php\/wp-json\/wp\/v2\/pages\/8\/revisions"}],"predecessor-version":[{"id":62,"href":"https:\/\/mediation-rhone-alpes.com\/index.php\/wp-json\/wp\/v2\/pages\/8\/revisions\/62"}],"wp:attachment":[{"href":"https:\/\/mediation-rhone-alpes.com\/index.php\/wp-json\/wp\/v2\/media?parent=8"}],"curies":[{"name":"wp","href":"https:\/\/api.w.org\/{rel}","templated":true}]}}