{"id":17,"date":"2026-02-20T14:14:27","date_gmt":"2026-02-20T14:14:27","guid":{"rendered":"https:\/\/mediation-rhone-alpes.com\/?page_id=17"},"modified":"2026-03-19T10:30:59","modified_gmt":"2026-03-19T10:30:59","slug":"contact","status":"publish","type":"page","link":"https:\/\/mediation-rhone-alpes.com\/index.php\/contact\/","title":{"rendered":"Contact"},"content":{"rendered":"\n<div class=\"wp-block-group alignfull has-ast-global-color-4-color has-ast-global-color-2-background-color has-text-color has-background has-link-color wp-elements-71361d4214365960034427cec4db93e3 is-layout-constrained wp-block-group-is-layout-constrained\">\n<h2 class=\"wp-block-heading has-ast-global-color-4-color has-text-color has-link-color wp-elements-6d39d1aabf9d4ee342bf2528e64b5fb8\">Contactez notre centre de m\u00e9diation<\/h2>\n\n\n\n<p>Nous vous orientons vers le m\u00e9diateur le plus adapt\u00e9 \u00e0 votre situation, en toute confidentialit\u00e9.<\/p>\n\n\n\n<div class=\"wp-block-buttons is-content-justification-center is-layout-flex wp-container-core-buttons-is-layout-a89b3969 wp-block-buttons-is-layout-flex\">\n<div class=\"wp-block-button\"><a class=\"wp-block-button__link wp-element-button\" href=\"#popmake-111\">Demander une m\u00e9diation<\/a><\/div>\n<\/div>\n<\/div>\n\n\n\n<div class=\"wp-block-group alignfull has-ast-global-color-5-background-color has-background is-content-justification-center is-layout-constrained wp-container-core-group-is-layout-d1cd99d5 wp-block-group-is-layout-constrained\" style=\"border-top-left-radius:20px;border-top-right-radius:20px;border-bottom-left-radius:20px;border-bottom-right-radius:20px;padding-top:var(--wp--preset--spacing--20);padding-right:var(--wp--preset--spacing--20);padding-bottom:var(--wp--preset--spacing--20);padding-left:var(--wp--preset--spacing--20);box-shadow:var(--wp--preset--shadow--deep)\">\n<div class=\"wp-block-columns is-layout-flex wp-container-core-columns-is-layout-28f84493 wp-block-columns-is-layout-flex\">\n<div class=\"wp-block-column is-layout-flow wp-block-column-is-layout-flow\">\n<p>\u2714 R\u00e9ponse sous 48h maximum<br>\u2714 Demande 100% confidentielle<br>\u2714 M\u00e9diateurs certifi\u00e9s et exp\u00e9riment\u00e9s<\/p>\n<\/div>\n<\/div>\n<\/div>\n\n\n\n<h3 class=\"wp-block-heading\">Nous vous r\u00e9pondons sous 24 \u00e0 48h maximum<\/h3>\n\n\n\n<p>Vos informations restent strictement confidentielles.<\/p>\n\n\n<style id=\"wpforms-css-vars-96-block-c161bc7f-a54f-4ae0-920c-03a14a42b6ba\">\n\t\t\t\t#wpforms-96.wpforms-block-c161bc7f-a54f-4ae0-920c-03a14a42b6ba {\n\t\t\t\t--wpforms-button-background-color: var(--ast-global-color-3);\n--wpforms-field-size-input-height: 43px;\n--wpforms-field-size-input-spacing: 15px;\n--wpforms-field-size-font-size: 16px;\n--wpforms-field-size-line-height: 19px;\n--wpforms-field-size-padding-h: 14px;\n--wpforms-field-size-checkbox-size: 16px;\n--wpforms-field-size-sublabel-spacing: 5px;\n--wpforms-field-size-icon-size: 1;\n--wpforms-label-size-font-size: 16px;\n--wpforms-label-size-line-height: 19px;\n--wpforms-label-size-sublabel-font-size: 14px;\n--wpforms-label-size-sublabel-line-height: 17px;\n--wpforms-button-size-font-size: 17px;\n--wpforms-button-size-height: 41px;\n--wpforms-button-size-padding-h: 15px;\n--wpforms-button-size-margin-top: 10px;\n\t\t\t}\n\t\t\t<\/style><div class=\"wpforms-container wpforms-container-full wpforms-block wpforms-block-c161bc7f-a54f-4ae0-920c-03a14a42b6ba wpforms-render-modern\" id=\"wpforms-96\"><form id=\"wpforms-form-96\" class=\"wpforms-validate wpforms-form\" data-formid=\"96\" method=\"post\" enctype=\"multipart\/form-data\" action=\"\/index.php\/wp-json\/wp\/v2\/pages\/17\" data-token=\"afa2a0636b423fe3376380dd50dbc893\" data-token-time=\"1776847911\"><noscript class=\"wpforms-error-noscript\">Please enable JavaScript in your browser to complete this form.<\/noscript><div id=\"wpforms-error-noscript\" style=\"display: none;\">Please enable JavaScript in your browser to complete this form.<\/div><div class=\"wpforms-field-container\"><div id=\"wpforms-96-field_1-container\" class=\"wpforms-field wpforms-field-text\" data-field-id=\"1\"><label class=\"wpforms-field-label\" for=\"wpforms-96-field_1\">Nom <span class=\"wpforms-required-label\" aria-hidden=\"true\">*<\/span><\/label><input type=\"text\" id=\"wpforms-96-field_1\" class=\"wpforms-field-medium wpforms-field-required\" name=\"wpforms[fields][1]\" aria-errormessage=\"wpforms-96-field_1-error\" required><\/div><div id=\"wpforms-96-field_2-container\" class=\"wpforms-field wpforms-field-text\" data-field-id=\"2\"><label class=\"wpforms-field-label\" for=\"wpforms-96-field_2\">Pr\u00e9nom <span class=\"wpforms-required-label\" aria-hidden=\"true\">*<\/span><\/label><input type=\"text\" id=\"wpforms-96-field_2\" class=\"wpforms-field-medium wpforms-field-required\" name=\"wpforms[fields][2]\" aria-errormessage=\"wpforms-96-field_2-error\" required><\/div><div id=\"wpforms-96-field_3-container\" class=\"wpforms-field wpforms-field-email\" data-field-id=\"3\"><label class=\"wpforms-field-label\" for=\"wpforms-96-field_3\">Adresse email <span class=\"wpforms-required-label\" aria-hidden=\"true\">*<\/span><\/label><input type=\"email\" id=\"wpforms-96-field_3\" class=\"wpforms-field-medium wpforms-field-required\" name=\"wpforms[fields][3]\" spellcheck=\"false\" aria-errormessage=\"wpforms-96-field_3-error\" required><\/div><div id=\"wpforms-96-field_5-container\" class=\"wpforms-field wpforms-field-text\" data-field-id=\"5\"><label class=\"wpforms-field-label\" for=\"wpforms-96-field_5\">Ville ou d\u00e9partement<\/label><input type=\"text\" id=\"wpforms-96-field_5\" class=\"wpforms-field-medium\" name=\"wpforms[fields][5]\" placeholder=\"Exemple Lyon Bordeaux Rh\u00f4ne Gironde\" aria-errormessage=\"wpforms-96-field_5-error\" ><\/div><div id=\"wpforms-96-field_6-container\" class=\"wpforms-field wpforms-field-select wpforms-field-select-style-classic\" data-field-id=\"6\"><label class=\"wpforms-field-label\" for=\"wpforms-96-field_6\">Type de m\u00e9diation recherch\u00e9e<\/label><select id=\"wpforms-96-field_6\" class=\"wpforms-field-medium\" name=\"wpforms[fields][6]\"><option value=\"M\u00e9diation familiale\"  class=\"choice-1 depth-1\"  >M\u00e9diation familiale<\/option><option value=\"M\u00e9diation civile et judiciaire\"  class=\"choice-2 depth-1\"  >M\u00e9diation civile et judiciaire<\/option><option value=\"M\u00e9diation commerciale\"  class=\"choice-3 depth-1\"  >M\u00e9diation commerciale<\/option><option value=\"M\u00e9diation du travail\"  class=\"choice-4 depth-1\"  >M\u00e9diation du travail<\/option><option value=\"M\u00e9diation de voisinage\"  class=\"choice-5 depth-1\"  >M\u00e9diation de voisinage<\/option><option value=\"M\u00e9diation immobili\u00e8re\"  class=\"choice-6 depth-1\"  >M\u00e9diation immobili\u00e8re<\/option><option value=\"M\u00e9diation en entreprise\"  class=\"choice-7 depth-1\"  >M\u00e9diation en entreprise<\/option><option value=\"M\u00e9diation de consommation\"  class=\"choice-8 depth-1\"  >M\u00e9diation de consommation<\/option><option value=\"M\u00e9diation administrative\"  class=\"choice-9 depth-1\"  >M\u00e9diation administrative<\/option><option value=\"Je ne sais pas\"  class=\"choice-10 depth-1\"  >Je ne sais pas<\/option><\/select><\/div>\t\t<div id=\"wpforms-96-field_9-container\"\n\t\t\tclass=\"wpforms-field wpforms-field-text\"\n\t\t\tdata-field-type=\"text\"\n\t\t\tdata-field-id=\"9\"\n\t\t\t>\n\t\t\t<label class=\"wpforms-field-label\" for=\"wpforms-96-field_9\" >soient utilis\u00e9es cadre<\/label>\n\t\t\t<input type=\"text\" id=\"wpforms-96-field_9\" class=\"wpforms-field-medium\" name=\"wpforms[fields][9]\" >\n\t\t<\/div>\n\t\t<div id=\"wpforms-96-field_7-container\" class=\"wpforms-field wpforms-field-textarea\" data-field-id=\"7\"><label class=\"wpforms-field-label\" for=\"wpforms-96-field_7\">Description de la situation<\/label><textarea id=\"wpforms-96-field_7\" class=\"wpforms-field-medium\" name=\"wpforms[fields][7]\" placeholder=\"Expliquez bri\u00e8vement votre situation ou le diff\u00e9rend concern\u00e9.\" aria-errormessage=\"wpforms-96-field_7-error\" ><\/textarea><\/div><div id=\"wpforms-96-field_8-container\" class=\"wpforms-field wpforms-field-checkbox\" data-field-id=\"8\"><fieldset><legend class=\"wpforms-field-label\">J\u2019accepte que les informations transmises soient utilis\u00e9es uniquement dans le cadre de la mise en relation avec un m\u00e9diateur. <span class=\"wpforms-required-label\" aria-hidden=\"true\">*<\/span><\/legend><ul id=\"wpforms-96-field_8\" class=\"wpforms-field-required\"><li class=\"choice-1 depth-1\"><input type=\"checkbox\" id=\"wpforms-96-field_8_1\" name=\"wpforms[fields][8][]\" value=\"J\u2019accepte\" aria-errormessage=\"wpforms-96-field_8_1-error\" required ><label class=\"wpforms-field-label-inline\" for=\"wpforms-96-field_8_1\">J\u2019accepte<\/label><\/li><\/ul><\/fieldset><\/div><script>\n\t\t\t\t( function() {\n\t\t\t\t\tconst style = document.createElement( 'style' );\n\t\t\t\t\tstyle.appendChild( document.createTextNode( '#wpforms-96-field_9-container { position: absolute !important; overflow: hidden !important; display: inline !important; height: 1px !important; width: 1px !important; z-index: -1000 !important; padding: 0 !important; } #wpforms-96-field_9-container input { visibility: hidden; } #wpforms-conversational-form-page #wpforms-96-field_9-container label { counter-increment: none; }' ) );\n\t\t\t\t\tdocument.head.appendChild( style );\n\t\t\t\t\tdocument.currentScript?.remove();\n\t\t\t\t} )();\n\t\t\t<\/script><\/div><!-- .wpforms-field-container --><div class=\"wpforms-submit-container\" ><input type=\"hidden\" name=\"wpforms[id]\" value=\"96\"><input type=\"hidden\" name=\"page_title\" value=\"\"><input type=\"hidden\" name=\"page_url\" value=\"https:\/\/mediation-rhone-alpes.com\/index.php\/wp-json\/wp\/v2\/pages\/17\"><input type=\"hidden\" name=\"url_referer\" value=\"\"><button type=\"submit\" name=\"wpforms[submit]\" id=\"wpforms-submit-96\" class=\"wpforms-submit\" data-alt-text=\"Sending...\" data-submit-text=\"\u00catre orient\u00e9 vers un m\u00e9diateur\" aria-live=\"assertive\" value=\"wpforms-submit\">\u00catre orient\u00e9 vers un m\u00e9diateur<\/button><\/div><\/form><\/div>  <!-- .wpforms-container -->\n\n\n<div class=\"wp-block-group alignfull has-ast-global-color-2-background-color has-background is-layout-constrained wp-block-group-is-layout-constrained\">\n<h2 class=\"wp-block-heading has-ast-global-color-4-color has-text-color has-link-color wp-elements-c60c142f7666e242131236707dcdf9cd\">Besoin d\u2019aide pour votre situation ?<\/h2>\n\n\n\n<p class=\"has-ast-global-color-4-color has-text-color has-link-color wp-elements-b7b63a2e5ea630cc823f73ca3ec7f4c1\">Notre centre vous accompagne pour trouver une solution rapide et adapt\u00e9e.<\/p>\n\n\n\n<div class=\"wp-block-buttons is-content-justification-center is-layout-flex wp-container-core-buttons-is-layout-a89b3969 wp-block-buttons-is-layout-flex\">\n<div class=\"wp-block-button\"><a class=\"wp-block-button__link wp-element-button\" href=\"#popmake-111\">Demander une m\u00e9diation<\/a><\/div>\n<\/div>\n<\/div>\n\n\n\n<p><\/p>\n","protected":false},"excerpt":{"rendered":"<p>Contactez notre centre de m\u00e9diation Nous vous orientons vers le m\u00e9diateur le plus adapt\u00e9 \u00e0 votre situation, en toute confidentialit\u00e9. [&hellip;]<\/p>\n","protected":false},"author":1,"featured_media":0,"parent":0,"menu_order":0,"comment_status":"closed","ping_status":"closed","template":"","meta":{"site-sidebar-layout":"default","site-content-layout":"","ast-site-content-layout":"default","site-content-style":"default","site-sidebar-style":"default","ast-global-header-display":"","ast-banner-title-visibility":"","ast-main-header-display":"","ast-hfb-above-header-display":"","ast-hfb-below-header-display":"","ast-hfb-mobile-header-display":"","site-post-title":"disabled","ast-breadcrumbs-content":"","ast-featured-img":"","footer-sml-layout":"","ast-disable-related-posts":"","theme-transparent-header-meta":"","adv-header-id-meta":"","stick-header-meta":"","header-above-stick-meta":"","header-main-stick-meta":"","header-below-stick-meta":"","astra-migrate-meta-layouts":"default","ast-page-background-enabled":"default","ast-page-background-meta":{"desktop":{"background-color":"var(--ast-global-color-5)","background-image":"","background-repeat":"repeat","background-position":"center center","background-size":"auto","background-attachment":"scroll","background-type":"","background-media":"","overlay-type":"","overlay-color":"","overlay-opacity":"","overlay-gradient":""},"tablet":{"background-color":"","background-image":"","background-repeat":"repeat","background-position":"center center","background-size":"auto","background-attachment":"scroll","background-type":"","background-media":"","overlay-type":"","overlay-color":"","overlay-opacity":"","overlay-gradient":""},"mobile":{"background-color":"","background-image":"","background-repeat":"repeat","background-position":"center center","background-size":"auto","background-attachment":"scroll","background-type":"","background-media":"","overlay-type":"","overlay-color":"","overlay-opacity":"","overlay-gradient":""}},"ast-content-background-meta":{"desktop":{"background-color":"var(--ast-global-color-4)","background-image":"","background-repeat":"repeat","background-position":"center center","background-size":"auto","background-attachment":"scroll","background-type":"","background-media":"","overlay-type":"","overlay-color":"","overlay-opacity":"","overlay-gradient":""},"tablet":{"background-color":"var(--ast-global-color-4)","background-image":"","background-repeat":"repeat","background-position":"center center","background-size":"auto","background-attachment":"scroll","background-type":"","background-media":"","overlay-type":"","overlay-color":"","overlay-opacity":"","overlay-gradient":""},"mobile":{"background-color":"var(--ast-global-color-4)","background-image":"","background-repeat":"repeat","background-position":"center center","background-size":"auto","background-attachment":"scroll","background-type":"","background-media":"","overlay-type":"","overlay-color":"","overlay-opacity":"","overlay-gradient":""}},"footnotes":""},"class_list":["post-17","page","type-page","status-publish","hentry"],"_links":{"self":[{"href":"https:\/\/mediation-rhone-alpes.com\/index.php\/wp-json\/wp\/v2\/pages\/17","targetHints":{"allow":["GET"]}}],"collection":[{"href":"https:\/\/mediation-rhone-alpes.com\/index.php\/wp-json\/wp\/v2\/pages"}],"about":[{"href":"https:\/\/mediation-rhone-alpes.com\/index.php\/wp-json\/wp\/v2\/types\/page"}],"author":[{"embeddable":true,"href":"https:\/\/mediation-rhone-alpes.com\/index.php\/wp-json\/wp\/v2\/users\/1"}],"replies":[{"embeddable":true,"href":"https:\/\/mediation-rhone-alpes.com\/index.php\/wp-json\/wp\/v2\/comments?post=17"}],"version-history":[{"count":6,"href":"https:\/\/mediation-rhone-alpes.com\/index.php\/wp-json\/wp\/v2\/pages\/17\/revisions"}],"predecessor-version":[{"id":180,"href":"https:\/\/mediation-rhone-alpes.com\/index.php\/wp-json\/wp\/v2\/pages\/17\/revisions\/180"}],"wp:attachment":[{"href":"https:\/\/mediation-rhone-alpes.com\/index.php\/wp-json\/wp\/v2\/media?parent=17"}],"curies":[{"name":"wp","href":"https:\/\/api.w.org\/{rel}","templated":true}]}}