{"id":15,"date":"2026-02-20T14:14:00","date_gmt":"2026-02-20T14:14:00","guid":{"rendered":"https:\/\/mediation-rhone-alpes.com\/?page_id=15"},"modified":"2026-03-19T09:58:16","modified_gmt":"2026-03-19T09:58:16","slug":"fonctionnement","status":"publish","type":"page","link":"https:\/\/mediation-rhone-alpes.com\/index.php\/fonctionnement\/","title":{"rendered":"Fonctionnement"},"content":{"rendered":"\n<div class=\"wp-block-group alignfull has-ast-global-color-2-background-color has-background is-layout-constrained wp-block-group-is-layout-constrained\">\n<h1 class=\"wp-block-heading has-ast-global-color-4-color has-text-color has-link-color wp-elements-c017037e52a943f647c01115881b33f2\">Comment fonctionne la m\u00e9diation ?<\/h1>\n\n\n\n<p class=\"has-ast-global-color-4-color has-text-color has-link-color wp-elements-d68afa78f72015f47e87134a46d7463a\">Un processus simple, confidentiel et encadr\u00e9, pour aider les parties \u00e0 retrouver le dialogue et construire une solution durable.<\/p>\n\n\n\n<div class=\"wp-block-buttons is-content-justification-center is-layout-flex wp-container-core-buttons-is-layout-a89b3969 wp-block-buttons-is-layout-flex\">\n<div class=\"wp-block-button\"><a class=\"wp-block-button__link wp-element-button\" href=\"#popmake-111\">Demander une m\u00e9diation<\/a><\/div>\n<\/div>\n<\/div>\n\n\n\n<div class=\"wp-block-group alignfull has-ast-global-color-5-background-color has-background is-layout-constrained wp-block-group-is-layout-constrained\">\n<h2 class=\"wp-block-heading\">Un cadre clair et rassurant<\/h2>\n\n\n\n<p>La m\u00e9diation repose sur l\u2019intervention d\u2019un tiers neutre, impartial et ind\u00e9pendant : le m\u00e9diateur.<\/p>\n\n\n\n<p>Son r\u00f4le n\u2019est pas de juger ni d\u2019imposer une solution, mais de faciliter les \u00e9changes entre les parties afin de permettre la recherche d\u2019un accord \u00e9quilibr\u00e9, librement construit et accept\u00e9.<\/p>\n<\/div>\n\n\n\n<div class=\"wp-block-group alignfull \/* ETAPES MEDIATION *\/ .wp-block-group .wp-block-group{ background:#ffffff; border-radius:18px; padding:28px; box-shadow:0 12px 30px rgba(0,0,0,0.08); height:100%; display:flex; flex-direction:column; }  titres \u00e9tapes h3{ font-size:22px; margin-bottom:10px; petit effet propre (l\u00e9ger) .wp-block-group:hover{ transform:translateY(-4px); transition:0.25s ease; has-ast-global-color-5-background-color has-background is-layout-constrained wp-block-group-is-layout-constrained\">\n<h2 class=\"wp-block-heading\">Un processus simple en 4 \u00e9tapes<\/h2>\n\n\n\n<div class=\"wp-block-columns is-layout-flex wp-container-core-columns-is-layout-28f84493 wp-block-columns-is-layout-flex\">\n<div class=\"wp-block-column has-ast-global-color-4-background-color has-background is-layout-flow wp-container-core-column-is-layout-43cbbe92 wp-block-column-is-layout-flow\" style=\"border-style:none;border-width:0px;border-top-left-radius:20px;border-top-right-radius:20px;border-bottom-left-radius:20px;border-bottom-right-radius:20px;padding-top:20px;padding-right:20px;padding-bottom:20px;padding-left:20px;box-shadow:var(--wp--preset--shadow--deep)\">\n<h3 class=\"wp-block-heading\">01-La prise de contact<\/h3>\n\n\n\n<p><br>Vous nous adressez une demande de m\u00e9diation via le formulaire ou en prenant contact avec notre centre.<\/p>\n<\/div>\n\n\n\n<div class=\"wp-block-column has-ast-global-color-4-background-color has-background is-layout-flow wp-block-column-is-layout-flow\" style=\"border-top-left-radius:20px;border-top-right-radius:20px;border-bottom-left-radius:20px;border-bottom-right-radius:20px;padding-top:var(--wp--preset--spacing--20);padding-right:var(--wp--preset--spacing--20);padding-bottom:var(--wp--preset--spacing--20);padding-left:var(--wp--preset--spacing--20);box-shadow:var(--wp--preset--shadow--deep)\">\n<h3 class=\"wp-block-heading\">02-L\u2019orientation<\/h3>\n\n\n\n<p><br>Nous vous orientons vers le m\u00e9diateur le plus adapt\u00e9 \u00e0 votre situation, en fonction de la nature du diff\u00e9rend et de votre localisation.<\/p>\n<\/div>\n\n\n\n<div class=\"wp-block-column has-ast-global-color-4-background-color has-background is-layout-flow wp-container-core-column-is-layout-334757f1 wp-block-column-is-layout-flow\" style=\"border-top-left-radius:20px;border-top-right-radius:20px;border-bottom-left-radius:20px;border-bottom-right-radius:20px;padding-top:var(--wp--preset--spacing--20);padding-right:var(--wp--preset--spacing--20);padding-bottom:var(--wp--preset--spacing--20);padding-left:var(--wp--preset--spacing--20);box-shadow:var(--wp--preset--shadow--deep)\">\n<h3 class=\"wp-block-heading\">03-Les \u00e9changes<\/h3>\n\n\n\n<p><br>Le m\u00e9diateur organise les \u00e9changes dans un cadre confidentiel, respectueux et structur\u00e9, en pr\u00e9sentiel ou \u00e0 distance.<\/p>\n\n\n\n<ol start=\"3\" class=\"wp-block-list has-ast-global-color-4-color has-text-color has-link-color wp-elements-df962ab28bd35b16487430d44995d482\">\n<li><\/li>\n<\/ol>\n<\/div>\n\n\n\n<div class=\"wp-block-column has-ast-global-color-4-background-color has-background is-layout-flow wp-block-column-is-layout-flow\" style=\"border-top-left-radius:20px;border-top-right-radius:20px;border-bottom-left-radius:20px;border-bottom-right-radius:20px;padding-top:var(--wp--preset--spacing--20);padding-right:var(--wp--preset--spacing--20);padding-bottom:var(--wp--preset--spacing--20);padding-left:var(--wp--preset--spacing--20);box-shadow:var(--wp--preset--shadow--deep)\">\n<h3 class=\"wp-block-heading\">04-L\u2019accord<\/h3>\n\n\n\n<p><br>Si les parties le souhaitent et qu\u2019une solution commune \u00e9merge, un accord peut \u00eatre formalis\u00e9 par \u00e9crit.<\/p>\n<\/div>\n<\/div>\n<\/div>\n\n\n\n<div class=\"wp-block-group alignfull has-ast-global-color-5-background-color has-background is-layout-constrained wp-block-group-is-layout-constrained\">\n<h2 class=\"wp-block-heading\">Les principes essentiels<\/h2>\n\n\n\n<div class=\"wp-block-columns has-ast-global-color-5-background-color has-background is-layout-flex wp-container-core-columns-is-layout-28f84493 wp-block-columns-is-layout-flex\">\n<div class=\"wp-block-column has-ast-global-color-4-background-color has-background is-layout-flow wp-block-column-is-layout-flow\" style=\"border-top-left-radius:20px;border-top-right-radius:20px;border-bottom-left-radius:20px;border-bottom-right-radius:20px;padding-top:20px;padding-right:20px;padding-bottom:20px;padding-left:20px;box-shadow:var(--wp--preset--shadow--deep)\">\n<h3 class=\"wp-block-heading\">Confidentialit\u00e9<\/h3>\n\n\n\n<p>Les \u00e9changes men\u00e9s dans le cadre de la m\u00e9diation restent confidentiels.<\/p>\n<\/div>\n\n\n\n<div class=\"wp-block-column has-ast-global-color-4-background-color has-background is-layout-flow wp-block-column-is-layout-flow\" style=\"border-top-left-radius:20px;border-top-right-radius:20px;border-bottom-left-radius:20px;border-bottom-right-radius:20px;padding-top:20px;padding-right:20px;padding-bottom:20px;padding-left:20px;box-shadow:var(--wp--preset--shadow--deep)\">\n<h3 class=\"wp-block-heading\">Neutralit\u00e9<\/h3>\n\n\n\n<p>Le m\u00e9diateur ne prend parti pour aucune des parties.<\/p>\n<\/div>\n\n\n\n<div class=\"wp-block-column has-ast-global-color-4-background-color has-background is-layout-flow wp-block-column-is-layout-flow\" style=\"border-top-left-radius:20px;border-top-right-radius:20px;border-bottom-left-radius:20px;border-bottom-right-radius:20px;padding-top:20px;padding-right:20px;padding-bottom:20px;padding-left:20px;box-shadow:var(--wp--preset--shadow--deep)\">\n<h3 class=\"wp-block-heading\">Libert\u00e9<\/h3>\n\n\n\n<p>La m\u00e9diation repose sur l\u2019adh\u00e9sion volontaire des personnes concern\u00e9es.<\/p>\n<\/div>\n\n\n\n<div class=\"wp-block-column has-ast-global-color-4-background-color has-background is-layout-flow wp-block-column-is-layout-flow\" style=\"border-top-left-radius:20px;border-top-right-radius:20px;border-bottom-left-radius:20px;border-bottom-right-radius:20px;padding-top:20px;padding-right:20px;padding-bottom:20px;padding-left:20px;box-shadow:var(--wp--preset--shadow--deep)\">\n<h3 class=\"wp-block-heading\">Recherche d\u2019une solution durable<\/h3>\n\n\n\n<p>L\u2019objectif est de construire un accord r\u00e9aliste, apais\u00e9 et p\u00e9renne.<\/p>\n<\/div>\n<\/div>\n<\/div>\n\n\n\n<div class=\"wp-block-group alignfull has-ast-global-color-4-color has-ast-global-color-2-background-color has-text-color has-background has-link-color wp-elements-999fbe7af9be9c1c1103d6bde569fd1a is-layout-constrained wp-block-group-is-layout-constrained\">\n<h2 class=\"wp-block-heading has-ast-global-color-4-color has-text-color has-link-color wp-elements-80c453815cd6e8e5ca3c729f614d00b5\">Vous souhaitez engager une m\u00e9diation ?<\/h2>\n\n\n\n<p>Notre centre vous accompagne pour vous orienter rapidement vers le m\u00e9diateur le plus adapt\u00e9 \u00e0 votre situation.<\/p>\n\n\n\n<div class=\"wp-block-buttons is-content-justification-center is-layout-flex wp-container-core-buttons-is-layout-a89b3969 wp-block-buttons-is-layout-flex\">\n<div class=\"wp-block-button\"><a class=\"wp-block-button__link wp-element-button\" href=\"#popmake-111\">Demander une m\u00e9diation<\/a><\/div>\n<\/div>\n<\/div>\n\n\n\n<p><\/p>\n","protected":false},"excerpt":{"rendered":"<p>Comment fonctionne la m\u00e9diation ? Un processus simple, confidentiel et encadr\u00e9, pour aider les parties \u00e0 retrouver le dialogue et [&hellip;]<\/p>\n","protected":false},"author":1,"featured_media":0,"parent":0,"menu_order":0,"comment_status":"closed","ping_status":"closed","template":"","meta":{"site-sidebar-layout":"default","site-content-layout":"","ast-site-content-layout":"default","site-content-style":"default","site-sidebar-style":"default","ast-global-header-display":"","ast-banner-title-visibility":"","ast-main-header-display":"","ast-hfb-above-header-display":"","ast-hfb-below-header-display":"","ast-hfb-mobile-header-display":"","site-post-title":"disabled","ast-breadcrumbs-content":"","ast-featured-img":"","footer-sml-layout":"","ast-disable-related-posts":"","theme-transparent-header-meta":"","adv-header-id-meta":"","stick-header-meta":"","header-above-stick-meta":"","header-main-stick-meta":"","header-below-stick-meta":"","astra-migrate-meta-layouts":"default","ast-page-background-enabled":"default","ast-page-background-meta":{"desktop":{"background-color":"var(--ast-global-color-5)","background-image":"","background-repeat":"repeat","background-position":"center center","background-size":"auto","background-attachment":"scroll","background-type":"","background-media":"","overlay-type":"","overlay-color":"","overlay-opacity":"","overlay-gradient":""},"tablet":{"background-color":"","background-image":"","background-repeat":"repeat","background-position":"center center","background-size":"auto","background-attachment":"scroll","background-type":"","background-media":"","overlay-type":"","overlay-color":"","overlay-opacity":"","overlay-gradient":""},"mobile":{"background-color":"","background-image":"","background-repeat":"repeat","background-position":"center center","background-size":"auto","background-attachment":"scroll","background-type":"","background-media":"","overlay-type":"","overlay-color":"","overlay-opacity":"","overlay-gradient":""}},"ast-content-background-meta":{"desktop":{"background-color":"var(--ast-global-color-4)","background-image":"","background-repeat":"repeat","background-position":"center center","background-size":"auto","background-attachment":"scroll","background-type":"","background-media":"","overlay-type":"","overlay-color":"","overlay-opacity":"","overlay-gradient":""},"tablet":{"background-color":"var(--ast-global-color-4)","background-image":"","background-repeat":"repeat","background-position":"center center","background-size":"auto","background-attachment":"scroll","background-type":"","background-media":"","overlay-type":"","overlay-color":"","overlay-opacity":"","overlay-gradient":""},"mobile":{"background-color":"var(--ast-global-color-4)","background-image":"","background-repeat":"repeat","background-position":"center center","background-size":"auto","background-attachment":"scroll","background-type":"","background-media":"","overlay-type":"","overlay-color":"","overlay-opacity":"","overlay-gradient":""}},"footnotes":""},"class_list":["post-15","page","type-page","status-publish","hentry"],"_links":{"self":[{"href":"https:\/\/mediation-rhone-alpes.com\/index.php\/wp-json\/wp\/v2\/pages\/15","targetHints":{"allow":["GET"]}}],"collection":[{"href":"https:\/\/mediation-rhone-alpes.com\/index.php\/wp-json\/wp\/v2\/pages"}],"about":[{"href":"https:\/\/mediation-rhone-alpes.com\/index.php\/wp-json\/wp\/v2\/types\/page"}],"author":[{"embeddable":true,"href":"https:\/\/mediation-rhone-alpes.com\/index.php\/wp-json\/wp\/v2\/users\/1"}],"replies":[{"embeddable":true,"href":"https:\/\/mediation-rhone-alpes.com\/index.php\/wp-json\/wp\/v2\/comments?post=15"}],"version-history":[{"count":8,"href":"https:\/\/mediation-rhone-alpes.com\/index.php\/wp-json\/wp\/v2\/pages\/15\/revisions"}],"predecessor-version":[{"id":172,"href":"https:\/\/mediation-rhone-alpes.com\/index.php\/wp-json\/wp\/v2\/pages\/15\/revisions\/172"}],"wp:attachment":[{"href":"https:\/\/mediation-rhone-alpes.com\/index.php\/wp-json\/wp\/v2\/media?parent=15"}],"curies":[{"name":"wp","href":"https:\/\/api.w.org\/{rel}","templated":true}]}}