{"id":13,"date":"2026-02-20T14:13:36","date_gmt":"2026-02-20T14:13:36","guid":{"rendered":"https:\/\/mediation-rhone-alpes.com\/?page_id=13"},"modified":"2026-03-18T13:59:52","modified_gmt":"2026-03-18T13:59:52","slug":"nos-mediateurs","status":"publish","type":"page","link":"https:\/\/mediation-rhone-alpes.com\/index.php\/nos-mediateurs\/","title":{"rendered":"Nos m\u00e9diateurs"},"content":{"rendered":"\n<div class=\"wp-block-group alignfull has-ast-global-color-4-color has-ast-global-color-2-background-color has-text-color has-background has-link-color wp-elements-69a38cdfe211aa2a51983abb2bed5096 is-layout-constrained wp-container-core-group-is-layout-7c443aef wp-block-group-is-layout-constrained\" style=\"padding-top:80px;padding-right:80px;padding-bottom:80px;padding-left:80px\">\n<h1 class=\"wp-block-heading has-ast-global-color-4-color has-text-color has-link-color wp-elements-fa44ba08e5ab0c4469ab253d982aedc2\">Nos m\u00e9diateurs<\/h1>\n\n\n\n<p>Un r\u00e9seau de m\u00e9diateurs ind\u00e9pendants, engag\u00e9s et pr\u00e9sents sur l\u2019ensemble du territoire.<\/p>\n\n\n\n<p>Notre centre \u00e9largit aujourd\u2019hui son rayonnement pour accompagner particuliers et professionnels partout en France.<\/p>\n<\/div>\n\n\n\n<div class=\"wp-block-group alignfull has-ast-global-color-5-background-color has-background is-layout-constrained wp-container-core-group-is-layout-2c158ffd wp-block-group-is-layout-constrained\" style=\"padding-top:70px;padding-right:70px;padding-bottom:70px;padding-left:70px\">\n<h2 class=\"wp-block-heading\">Un r\u00e9seau qui se d\u00e9veloppe \u00e0 l\u2019\u00e9chelle nationale<\/h2>\n\n\n\n<p>Le Centre de M\u00e9diation, initialement structur\u00e9 en Rh\u00f4ne-Alpes, accueille aujourd\u2019hui des m\u00e9diateurs implant\u00e9s dans d\u2019autres territoires afin de proposer un maillage plus large et une r\u00e9ponse adapt\u00e9e \u00e0 chaque situation.<\/p>\n<\/div>\n\n\n\n<iframe loading=\"lazy\" src=\"https:\/\/www.google.com\/maps\/d\/embed?mid=1dcGcpvoapaHZR0pkVDsG5wEJ6TZyq7k&#038;ehbc=2E312F&#038;noprof=1\" width=\"640\" height=\"480\"><\/iframe>\n\n\n\n<div class=\"wp-block-group alignfull has-ast-global-color-4-background-color has-background is-layout-constrained wp-container-core-group-is-layout-3dcc9c70 wp-block-group-is-layout-constrained\" style=\"border-top-left-radius:20px;border-top-right-radius:20px;border-bottom-left-radius:20px;border-bottom-right-radius:20px;padding-top:40px;padding-right:40px;padding-bottom:40px;padding-left:40px;box-shadow:var(--wp--preset--shadow--deep)\">\n<h2 class=\"wp-block-heading\">Trouver un m\u00e9diateur<\/h2>\n\n\n\n<p>Indiquez votre localisation et le type de m\u00e9diation recherch\u00e9. Nous vous orienterons vers le m\u00e9diateur le plus adapt\u00e9 \u00e0 votre situation.<\/p>\n\n\n\n<div class=\"wp-block-buttons is-layout-flex wp-block-buttons-is-layout-flex\">\n<div class=\"wp-block-button\"><a class=\"wp-block-button__link wp-element-button\" href=\"#popmake-111\">Trouver un m\u00e9diateur certifi\u00e9<\/a><\/div>\n<\/div>\n<\/div>\n\n\n\n<div class=\"wp-block-group alignfull has-ast-global-color-5-background-color has-background is-content-justification-center is-layout-constrained wp-container-core-group-is-layout-528d61fe wp-block-group-is-layout-constrained\" style=\"padding-top:80px;padding-right:80px;padding-bottom:80px;padding-left:80px\">\n<h2 class=\"wp-block-heading\">Nos m\u00e9diateurs<\/h2>\n\n\n\n<p>D\u00e9couvrez les m\u00e9diateurs membres de notre r\u00e9seau, pr\u00e9sents dans plusieurs r\u00e9gions et intervenant dans diff\u00e9rents domaines de la m\u00e9diation.<\/p>\n\n\n\n<div class=\"wp-block-columns mediator-grid is-layout-flex wp-container-core-columns-is-layout-28f84493 wp-block-columns-is-layout-flex\">\n<div class=\"wp-block-column is-layout-flow wp-block-column-is-layout-flow\">\n<div class=\"wp-block-group alignfull has-ast-global-color-4-background-color has-background is-layout-constrained wp-container-core-group-is-layout-edcd9cee wp-block-group-is-layout-constrained\" style=\"border-top-left-radius:20px;border-top-right-radius:20px;border-bottom-left-radius:20px;border-bottom-right-radius:20px;padding-top:30px;padding-right:30px;padding-bottom:30px;padding-left:30px;box-shadow:var(--wp--preset--shadow--deep)\">\n<figure class=\"wp-block-image aligncenter size-large display: flex; flex-direction: column; justify-content: space-between;\"><img loading=\"lazy\" decoding=\"async\" width=\"1024\" height=\"1024\" src=\"https:\/\/mediation-rhone-alpes.com\/wp-content\/uploads\/2026\/03\/R6M25706-1-1024x1024.jpg\" alt=\"\" class=\"wp-image-78\" srcset=\"https:\/\/mediation-rhone-alpes.com\/wp-content\/uploads\/2026\/03\/R6M25706-1-1024x1024.jpg 1024w, https:\/\/mediation-rhone-alpes.com\/wp-content\/uploads\/2026\/03\/R6M25706-1-300x300.jpg 300w, https:\/\/mediation-rhone-alpes.com\/wp-content\/uploads\/2026\/03\/R6M25706-1-150x150.jpg 150w, https:\/\/mediation-rhone-alpes.com\/wp-content\/uploads\/2026\/03\/R6M25706-1-768x768.jpg 768w, https:\/\/mediation-rhone-alpes.com\/wp-content\/uploads\/2026\/03\/R6M25706-1.jpg 1531w\" sizes=\"auto, (max-width: 1024px) 100vw, 1024px\" \/><\/figure>\n\n\n\n<h2 class=\"wp-block-heading has-medium-font-size\"><strong>Sersoub Damien<\/strong><\/h2>\n\n\n\n<p class=\"has-cyan-bluish-gray-color has-text-color has-link-color wp-elements-0aa1370a133306e9bb542538218a7b03\">M\u00e9diateur certifi\u00e9<br>Centre de M\u00e9diation Rh\u00f4ne-Alpes<\/p>\n\n\n\n<p>Je suis un m\u00e9diateur ind\u00e9pendant accompagnant les particuliers et les professionnels dans la r\u00e9solution amiable des conflits.<\/p>\n\n\n\n<p>Mon approche privil\u00e9gie l&#8217;\u00e9coute, la neutralit\u00e9 et la recherche de solutions durables et \u00e9quilibr\u00e9es.<\/p>\n\n\n\n<p>\ud83d\udccd Lyon, Auvergne-Rh\u00f4ne-Alpes (pr\u00e9sentiel et distanciel)<\/p>\n\n\n\n<p><strong>Domaines d\u2019intervention :<\/strong><\/p>\n\n\n\n<ul class=\"wp-block-list\">\n<li>M\u00e9diation familiale<\/li>\n\n\n\n<li>M\u00e9diation civile et judiciaire<\/li>\n\n\n\n<li>M\u00e9diation commerciale<\/li>\n\n\n\n<li>M\u00e9diation du travail<\/li>\n\n\n\n<li>M\u00e9diation de voisinage<\/li>\n\n\n\n<li>M\u00e9diation immobili\u00e8re<\/li>\n\n\n\n<li>M\u00e9diation en entreprise<\/li>\n\n\n\n<li>M\u00e9diation de consommation<\/li>\n\n\n\n<li>M\u00e9diation administrative<\/li>\n<\/ul>\n\n\n\n<div class=\"wp-block-buttons is-layout-flex wp-block-buttons-is-layout-flex\">\n<div class=\"wp-block-button\"><a class=\"wp-block-button__link wp-element-button\" href=\"#popmake-111\">Contacter ce m\u00e9diateur<\/a><\/div>\n<\/div>\n<\/div>\n\n\n\n<div class=\"wp-block-group has-ast-global-color-4-background-color has-background is-layout-constrained wp-container-core-group-is-layout-edcd9cee wp-block-group-is-layout-constrained\" style=\"border-top-left-radius:20px;border-top-right-radius:20px;border-bottom-left-radius:20px;border-bottom-right-radius:20px;padding-top:30px;padding-right:30px;padding-bottom:30px;padding-left:30px;box-shadow:var(--wp--preset--shadow--deep)\">\n<figure class=\"wp-block-image aligncenter size-large display: flex; flex-direction: column; justify-content: space-between;\"><img loading=\"lazy\" decoding=\"async\" width=\"768\" height=\"1024\" src=\"https:\/\/mediation-rhone-alpes.com\/wp-content\/uploads\/2026\/03\/WhatsApp-Image-2026-03-12-at-09.58.54-768x1024.jpeg\" alt=\"\" class=\"wp-image-139\" srcset=\"https:\/\/mediation-rhone-alpes.com\/wp-content\/uploads\/2026\/03\/WhatsApp-Image-2026-03-12-at-09.58.54-768x1024.jpeg 768w, https:\/\/mediation-rhone-alpes.com\/wp-content\/uploads\/2026\/03\/WhatsApp-Image-2026-03-12-at-09.58.54-225x300.jpeg 225w, https:\/\/mediation-rhone-alpes.com\/wp-content\/uploads\/2026\/03\/WhatsApp-Image-2026-03-12-at-09.58.54-1152x1536.jpeg 1152w, https:\/\/mediation-rhone-alpes.com\/wp-content\/uploads\/2026\/03\/WhatsApp-Image-2026-03-12-at-09.58.54.jpeg 1200w\" sizes=\"auto, (max-width: 768px) 100vw, 768px\" \/><\/figure>\n\n\n\n<h2 class=\"wp-block-heading has-medium-font-size\"><strong>Matthieu GINIERES<\/strong><\/h2>\n\n\n\n<p class=\"has-cyan-bluish-gray-color has-text-color has-link-color wp-elements-0aa1370a133306e9bb542538218a7b03\">M\u00e9diateur certifi\u00e9<br>Centre de M\u00e9diation Rh\u00f4ne-Alpes<\/p>\n\n\n\n<p>Choisir la solution plut\u00f4t que le conflit !<br>Face \u00e0 un diff\u00e9rend, la m\u00e9diation offre une alternative moderne et efficace au proc\u00e8s. Elle permet aux parties, accompagn\u00e9es par un tiers ind\u00e9pendant et impartial, de parvenir \u00e0 un accord sur mesure, dans des d\u00e9lais ma\u00eetris\u00e9s et \u00e0 un co\u00fbt raisonnable. Je vous accompagne dans ces d\u00e9marches avec bienveillance et impartialit\u00e9, non pas pour trouver une alternative par d\u00e9faut au proc\u00e8s, mais pour trouver l\u2019option la plus strat\u00e9gique.<\/p>\n\n\n\n<p>\ud83d\udccd Occitanie pr\u00e9sentiel\/visio et France enti\u00e8re (pr\u00e9sentiel et distanciel)<\/p>\n\n\n\n<p><strong>Domaines d\u2019intervention :<\/strong><\/p>\n\n\n\n<ul class=\"wp-block-list\">\n<li>M\u00e9diation familiale<\/li>\n\n\n\n<li>M\u00e9diation civile et judiciaire<\/li>\n\n\n\n<li>M\u00e9diation commerciale<\/li>\n\n\n\n<li>M\u00e9diation du travail<\/li>\n\n\n\n<li>M\u00e9diation de voisinage<\/li>\n\n\n\n<li>M\u00e9diation immobili\u00e8re<\/li>\n\n\n\n<li>M\u00e9diation en entreprise<\/li>\n\n\n\n<li>M\u00e9diation de consommation<\/li>\n\n\n\n<li>M\u00e9diation administrative<\/li>\n<\/ul>\n\n\n\n<div class=\"wp-block-buttons is-layout-flex wp-block-buttons-is-layout-flex\">\n<div class=\"wp-block-button\"><a class=\"wp-block-button__link wp-element-button\" href=\"#popmake-111\">Contacter ce m\u00e9diateur<\/a><\/div>\n<\/div>\n<\/div>\n<\/div>\n\n\n\n<div class=\"wp-block-column is-layout-flow wp-block-column-is-layout-flow\">\n<div class=\"wp-block-group alignfull has-ast-global-color-4-background-color has-background is-layout-constrained wp-container-core-group-is-layout-edcd9cee wp-block-group-is-layout-constrained\" style=\"border-top-left-radius:20px;border-top-right-radius:20px;border-bottom-left-radius:20px;border-bottom-right-radius:20px;padding-top:30px;padding-right:30px;padding-bottom:30px;padding-left:30px;box-shadow:var(--wp--preset--shadow--deep)\">\n<figure class=\"wp-block-image aligncenter size-large is-resized\"><img loading=\"lazy\" decoding=\"async\" width=\"953\" height=\"1024\" src=\"https:\/\/mediation-rhone-alpes.com\/wp-content\/uploads\/2026\/03\/WhatsApp-Image-2026-03-10-at-16.04.58-953x1024.jpeg\" alt=\"\" class=\"wp-image-83\" style=\"aspect-ratio:0.9306443163960189;width:257px;height:auto\" srcset=\"https:\/\/mediation-rhone-alpes.com\/wp-content\/uploads\/2026\/03\/WhatsApp-Image-2026-03-10-at-16.04.58-953x1024.jpeg 953w, https:\/\/mediation-rhone-alpes.com\/wp-content\/uploads\/2026\/03\/WhatsApp-Image-2026-03-10-at-16.04.58-279x300.jpeg 279w, https:\/\/mediation-rhone-alpes.com\/wp-content\/uploads\/2026\/03\/WhatsApp-Image-2026-03-10-at-16.04.58-768x826.jpeg 768w, https:\/\/mediation-rhone-alpes.com\/wp-content\/uploads\/2026\/03\/WhatsApp-Image-2026-03-10-at-16.04.58-1429x1536.jpeg 1429w, https:\/\/mediation-rhone-alpes.com\/wp-content\/uploads\/2026\/03\/WhatsApp-Image-2026-03-10-at-16.04.58.jpeg 1905w\" sizes=\"auto, (max-width: 953px) 100vw, 953px\" \/><\/figure>\n\n\n\n<h2 class=\"wp-block-heading has-medium-font-size\"><strong>Seibert Patricia&nbsp;<\/strong><\/h2>\n\n\n\n<p class=\"has-cyan-bluish-gray-color has-text-color has-link-color wp-elements-dcfa7275ab6c2c09c5195b3cbf66b443\">M\u00e9diatrice certifi\u00e9e<br>Centre de M\u00e9diation Rh\u00f4ne-Alpes<\/p>\n\n\n\n<p>Conflit ? Et si vous trouviez une solution amiable sans passer par le tribunal.<\/p>\n\n\n\n<p><br>M\u00e9diatrice professionnelle, j\u2019accompagne les particuliers et les professionnels dans la r\u00e9solution amiable de leurs diff\u00e9rends.<\/p>\n\n\n\n<p>\ud83d\udccd D\u00e9partement lot et Garonne, Agen, Marmande,Nerac et autres&#8230;<br>R\u00e9gion nouvelle Aquitaine et +(pr\u00e9sentiel et distanciel)<\/p>\n\n\n\n<p><strong><strong>Domaines d\u2019intervention<\/strong><\/strong> :<\/p>\n\n\n\n<ul class=\"wp-block-list\">\n<li>M\u00e9diation familiale<\/li>\n\n\n\n<li>M\u00e9diation civile et judiciaire<\/li>\n\n\n\n<li>M\u00e9diation commerciale<\/li>\n\n\n\n<li>M\u00e9diation du travail<\/li>\n\n\n\n<li>M\u00e9diation de voisinage<\/li>\n\n\n\n<li>M\u00e9diation immobili\u00e8re<\/li>\n\n\n\n<li>M\u00e9diation en entreprise<\/li>\n\n\n\n<li>M\u00e9diation de consommation<\/li>\n\n\n\n<li>M\u00e9diation administrative<\/li>\n<\/ul>\n\n\n\n<div class=\"wp-block-buttons is-layout-flex wp-block-buttons-is-layout-flex\">\n<div class=\"wp-block-button\"><a class=\"wp-block-button__link wp-element-button\" href=\"#popmake-111\">Contacter ce m\u00e9diateur<\/a><\/div>\n<\/div>\n<\/div>\n\n\n\n<div class=\"wp-block-group alignfull has-ast-global-color-4-background-color has-background is-layout-constrained wp-container-core-group-is-layout-edcd9cee wp-block-group-is-layout-constrained\" style=\"border-top-left-radius:20px;border-top-right-radius:20px;border-bottom-left-radius:20px;border-bottom-right-radius:20px;padding-top:30px;padding-right:30px;padding-bottom:30px;padding-left:30px;box-shadow:var(--wp--preset--shadow--deep)\">\n<figure class=\"wp-block-image aligncenter size-large display: flex; flex-direction: column; justify-content: space-between;\"><img loading=\"lazy\" decoding=\"async\" width=\"683\" height=\"1024\" src=\"https:\/\/mediation-rhone-alpes.com\/wp-content\/uploads\/2026\/03\/68071c4b-77db-4747-a79e-d497ce2bbbaf-683x1024.png\" alt=\"\" class=\"wp-image-86\" srcset=\"https:\/\/mediation-rhone-alpes.com\/wp-content\/uploads\/2026\/03\/68071c4b-77db-4747-a79e-d497ce2bbbaf-683x1024.png 683w, https:\/\/mediation-rhone-alpes.com\/wp-content\/uploads\/2026\/03\/68071c4b-77db-4747-a79e-d497ce2bbbaf-200x300.png 200w, https:\/\/mediation-rhone-alpes.com\/wp-content\/uploads\/2026\/03\/68071c4b-77db-4747-a79e-d497ce2bbbaf-768x1152.png 768w, https:\/\/mediation-rhone-alpes.com\/wp-content\/uploads\/2026\/03\/68071c4b-77db-4747-a79e-d497ce2bbbaf.png 1024w\" sizes=\"auto, (max-width: 683px) 100vw, 683px\" \/><\/figure>\n\n\n\n<h2 class=\"wp-block-heading has-medium-font-size\"><strong>Claudine GUELLEC<\/strong><\/h2>\n\n\n\n<p class=\"mediator-grid has-cyan-bluish-gray-color has-text-color has-link-color wp-elements-6368ea1ea45bc13761c215585f5501d2\">M\u00e9diateur certifi\u00e9e<br>Centre de M\u00e9diation Rh\u00f4ne-Alpes<\/p>\n\n\n\n<p>Un conflit, un litige?<br>Je vous propose une m\u00e9diation, recherche d&#8217;une solution \u00e0 l&#8217;amiable.<br>Accompagnement dans cette d\u00e9marche, avec bienveillance et impartialit\u00e9.<\/p>\n\n\n\n<p>\ud83d\udccd  Val d&#8217;Oise, r\u00e9gion Parisienne et Oise.<\/p>\n\n\n\n<p>r\u00e9gion parisienne<\/p>\n\n\n\n<p><strong>Domaines d\u2019intervention :<\/strong><\/p>\n\n\n\n<ul class=\"wp-block-list\">\n<li>M\u00e9diation familiale<\/li>\n\n\n\n<li>M\u00e9diation voisinage<\/li>\n\n\n\n<li>M\u00e9diation du travail, professionnel<\/li>\n<\/ul>\n\n\n\n<div class=\"wp-block-buttons is-layout-flex wp-block-buttons-is-layout-flex\">\n<div class=\"wp-block-button\"><a class=\"wp-block-button__link wp-element-button\" href=\"#popmake-111\">Contacter ce m\u00e9diateur<\/a><\/div>\n<\/div>\n<\/div>\n<\/div>\n\n\n\n<div class=\"wp-block-column is-layout-flow wp-block-column-is-layout-flow\">\n<div class=\"wp-block-group alignfull has-ast-global-color-4-background-color has-background is-layout-constrained wp-container-core-group-is-layout-edcd9cee wp-block-group-is-layout-constrained\" style=\"border-top-left-radius:20px;border-top-right-radius:20px;border-bottom-left-radius:20px;border-bottom-right-radius:20px;padding-top:30px;padding-right:30px;padding-bottom:30px;padding-left:30px;box-shadow:var(--wp--preset--shadow--deep)\">\n<figure class=\"wp-block-image aligncenter size-large is-resized\"><img loading=\"lazy\" decoding=\"async\" width=\"768\" height=\"1024\" src=\"https:\/\/mediation-rhone-alpes.com\/wp-content\/uploads\/2026\/03\/WhatsApp-Image-2026-03-12-at-10.05.25-768x1024.jpeg\" alt=\"\" class=\"wp-image-137\" style=\"aspect-ratio:0.9306443163960189;width:253px;height:auto\" srcset=\"https:\/\/mediation-rhone-alpes.com\/wp-content\/uploads\/2026\/03\/WhatsApp-Image-2026-03-12-at-10.05.25-768x1024.jpeg 768w, https:\/\/mediation-rhone-alpes.com\/wp-content\/uploads\/2026\/03\/WhatsApp-Image-2026-03-12-at-10.05.25-225x300.jpeg 225w, https:\/\/mediation-rhone-alpes.com\/wp-content\/uploads\/2026\/03\/WhatsApp-Image-2026-03-12-at-10.05.25-1152x1536.jpeg 1152w, https:\/\/mediation-rhone-alpes.com\/wp-content\/uploads\/2026\/03\/WhatsApp-Image-2026-03-12-at-10.05.25.jpeg 1200w\" sizes=\"auto, (max-width: 768px) 100vw, 768px\" \/><\/figure>\n\n\n\n<h2 class=\"wp-block-heading has-medium-font-size\"><strong>Bouffard Thimoth\u00e9e&nbsp;<\/strong><\/h2>\n\n\n\n<p class=\"has-cyan-bluish-gray-color has-text-color has-link-color wp-elements-0aa1370a133306e9bb542538218a7b03\">M\u00e9diateur certifi\u00e9<br>Centre de M\u00e9diation Rh\u00f4ne-Alpes<\/p>\n\n\n\n<p>Un diff\u00e9rend ? Une difficult\u00e9 ?<br>Je vous propose une m\u00e9diation dont le co\u00fbt et le temps sont connus par rapport \u00e0 la solution judiciaire qui n\u2019offre pas ces deux garanties..!!<\/p>\n\n\n\n<p>\ud83d\udccd D\u00e9partement Gironde Dordogne Landes et Pyr\u00e9n\u00e9es atlantiques<br>R\u00e9gion nouvelle Aquitaine et +(pr\u00e9sentiel et distanciel)<\/p>\n\n\n\n<p><strong><strong>Domaines d\u2019intervention<\/strong><\/strong> :<\/p>\n\n\n\n<ul class=\"wp-block-list\">\n<li>M\u00e9diation familiale<\/li>\n\n\n\n<li>M\u00e9diation civile et judiciaire<\/li>\n\n\n\n<li>M\u00e9diation commerciale<\/li>\n\n\n\n<li>M\u00e9diation du travail<\/li>\n\n\n\n<li>M\u00e9diation de voisinage<\/li>\n\n\n\n<li>M\u00e9diation immobili\u00e8re<\/li>\n\n\n\n<li>M\u00e9diation en entreprise<\/li>\n\n\n\n<li>M\u00e9diation de consommation<\/li>\n\n\n\n<li>M\u00e9diation administrative<\/li>\n<\/ul>\n\n\n\n<div class=\"wp-block-buttons is-layout-flex wp-container-core-buttons-is-layout-168ce233 wp-block-buttons-is-layout-flex\">\n<div class=\"wp-block-button\"><a class=\"wp-block-button__link wp-element-button\" href=\"#popmake-111\">Contacter ce m\u00e9diateur<\/a><\/div>\n<\/div>\n<\/div>\n\n\n\n<div class=\"wp-block-group alignfull has-ast-global-color-4-background-color has-background is-layout-constrained wp-container-core-group-is-layout-edcd9cee wp-block-group-is-layout-constrained\" style=\"border-top-left-radius:20px;border-top-right-radius:20px;border-bottom-left-radius:20px;border-bottom-right-radius:20px;padding-top:30px;padding-right:30px;padding-bottom:30px;padding-left:30px;box-shadow:var(--wp--preset--shadow--deep)\">\n<figure class=\"wp-block-image aligncenter size-large display: flex; flex-direction: column; justify-content: space-between;\"><img loading=\"lazy\" decoding=\"async\" width=\"683\" height=\"1024\" src=\"https:\/\/mediation-rhone-alpes.com\/wp-content\/uploads\/2026\/03\/68071c4b-77db-4747-a79e-d497ce2bbbaf-683x1024.png\" alt=\"\" class=\"wp-image-86\" srcset=\"https:\/\/mediation-rhone-alpes.com\/wp-content\/uploads\/2026\/03\/68071c4b-77db-4747-a79e-d497ce2bbbaf-683x1024.png 683w, https:\/\/mediation-rhone-alpes.com\/wp-content\/uploads\/2026\/03\/68071c4b-77db-4747-a79e-d497ce2bbbaf-200x300.png 200w, https:\/\/mediation-rhone-alpes.com\/wp-content\/uploads\/2026\/03\/68071c4b-77db-4747-a79e-d497ce2bbbaf-768x1152.png 768w, https:\/\/mediation-rhone-alpes.com\/wp-content\/uploads\/2026\/03\/68071c4b-77db-4747-a79e-d497ce2bbbaf.png 1024w\" sizes=\"auto, (max-width: 683px) 100vw, 683px\" \/><\/figure>\n\n\n\n<h2 class=\"wp-block-heading has-medium-font-size\">Morgane Monnier<\/h2>\n\n\n\n<p class=\"has-cyan-bluish-gray-color has-text-color has-link-color wp-elements-e252dc43c7b315a60550b2b69712f944\">M\u00e9diateur certifi\u00e9e<br>Centre de M\u00e9diation Rh\u00f4ne-Alpes<\/p>\n\n\n\n<p>Un conflit, un litige?<br>Je vous propose une m\u00e9diation, recherche d&#8217;une solution \u00e0 l&#8217;amiable.<br>Accompagnement dans cette d\u00e9marche, avec bienveillance et impartialit\u00e9.<\/p>\n\n\n\n<p>\ud83d\udccd  Val d&#8217;Oise, r\u00e9gion Parisienne et Oise.<\/p>\n\n\n\n<p>r\u00e9gion parisienne<\/p>\n\n\n\n<p><strong>Domaines d\u2019intervention :<\/strong><\/p>\n\n\n\n<ul class=\"wp-block-list\">\n<li>M\u00e9diation familiale<\/li>\n\n\n\n<li>M\u00e9diation voisinage<\/li>\n\n\n\n<li>M\u00e9diation du travail, professionnel<\/li>\n<\/ul>\n\n\n\n<div class=\"wp-block-buttons is-layout-flex wp-block-buttons-is-layout-flex\">\n<div class=\"wp-block-button\"><a class=\"wp-block-button__link wp-element-button\" href=\"#popmake-111\">Contacter ce m\u00e9diateur<\/a><\/div>\n<\/div>\n<\/div>\n<\/div>\n<\/div>\n<\/div>\n\n\n\n<p><\/p>\n","protected":false},"excerpt":{"rendered":"<p>Nos m\u00e9diateurs Un r\u00e9seau de m\u00e9diateurs ind\u00e9pendants, engag\u00e9s et pr\u00e9sents sur l\u2019ensemble du territoire. Notre centre \u00e9largit aujourd\u2019hui son rayonnement [&hellip;]<\/p>\n","protected":false},"author":1,"featured_media":0,"parent":0,"menu_order":0,"comment_status":"closed","ping_status":"closed","template":"","meta":{"site-sidebar-layout":"default","site-content-layout":"","ast-site-content-layout":"default","site-content-style":"default","site-sidebar-style":"default","ast-global-header-display":"","ast-banner-title-visibility":"","ast-main-header-display":"","ast-hfb-above-header-display":"","ast-hfb-below-header-display":"","ast-hfb-mobile-header-display":"","site-post-title":"disabled","ast-breadcrumbs-content":"","ast-featured-img":"","footer-sml-layout":"","ast-disable-related-posts":"","theme-transparent-header-meta":"","adv-header-id-meta":"","stick-header-meta":"","header-above-stick-meta":"","header-main-stick-meta":"","header-below-stick-meta":"","astra-migrate-meta-layouts":"default","ast-page-background-enabled":"default","ast-page-background-meta":{"desktop":{"background-color":"var(--ast-global-color-5)","background-image":"","background-repeat":"repeat","background-position":"center center","background-size":"auto","background-attachment":"scroll","background-type":"","background-media":"","overlay-type":"","overlay-color":"","overlay-opacity":"","overlay-gradient":""},"tablet":{"background-color":"","background-image":"","background-repeat":"repeat","background-position":"center center","background-size":"auto","background-attachment":"scroll","background-type":"","background-media":"","overlay-type":"","overlay-color":"","overlay-opacity":"","overlay-gradient":""},"mobile":{"background-color":"","background-image":"","background-repeat":"repeat","background-position":"center center","background-size":"auto","background-attachment":"scroll","background-type":"","background-media":"","overlay-type":"","overlay-color":"","overlay-opacity":"","overlay-gradient":""}},"ast-content-background-meta":{"desktop":{"background-color":"var(--ast-global-color-4)","background-image":"","background-repeat":"repeat","background-position":"center center","background-size":"auto","background-attachment":"scroll","background-type":"","background-media":"","overlay-type":"","overlay-color":"","overlay-opacity":"","overlay-gradient":""},"tablet":{"background-color":"var(--ast-global-color-4)","background-image":"","background-repeat":"repeat","background-position":"center center","background-size":"auto","background-attachment":"scroll","background-type":"","background-media":"","overlay-type":"","overlay-color":"","overlay-opacity":"","overlay-gradient":""},"mobile":{"background-color":"var(--ast-global-color-4)","background-image":"","background-repeat":"repeat","background-position":"center center","background-size":"auto","background-attachment":"scroll","background-type":"","background-media":"","overlay-type":"","overlay-color":"","overlay-opacity":"","overlay-gradient":""}},"footnotes":""},"class_list":["post-13","page","type-page","status-publish","hentry"],"_links":{"self":[{"href":"https:\/\/mediation-rhone-alpes.com\/index.php\/wp-json\/wp\/v2\/pages\/13","targetHints":{"allow":["GET"]}}],"collection":[{"href":"https:\/\/mediation-rhone-alpes.com\/index.php\/wp-json\/wp\/v2\/pages"}],"about":[{"href":"https:\/\/mediation-rhone-alpes.com\/index.php\/wp-json\/wp\/v2\/types\/page"}],"author":[{"embeddable":true,"href":"https:\/\/mediation-rhone-alpes.com\/index.php\/wp-json\/wp\/v2\/users\/1"}],"replies":[{"embeddable":true,"href":"https:\/\/mediation-rhone-alpes.com\/index.php\/wp-json\/wp\/v2\/comments?post=13"}],"version-history":[{"count":34,"href":"https:\/\/mediation-rhone-alpes.com\/index.php\/wp-json\/wp\/v2\/pages\/13\/revisions"}],"predecessor-version":[{"id":163,"href":"https:\/\/mediation-rhone-alpes.com\/index.php\/wp-json\/wp\/v2\/pages\/13\/revisions\/163"}],"wp:attachment":[{"href":"https:\/\/mediation-rhone-alpes.com\/index.php\/wp-json\/wp\/v2\/media?parent=13"}],"curies":[{"name":"wp","href":"https:\/\/api.w.org\/{rel}","templated":true}]}}