{"id":10,"date":"2026-02-20T14:13:03","date_gmt":"2026-02-20T14:13:03","guid":{"rendered":"https:\/\/mediation-rhone-alpes.com\/?page_id=10"},"modified":"2026-03-04T16:17:56","modified_gmt":"2026-03-04T16:17:56","slug":"lassociation","status":"publish","type":"page","link":"https:\/\/mediation-rhone-alpes.com\/index.php\/lassociation\/","title":{"rendered":"L\u2019association"},"content":{"rendered":"\n<div class=\"wp-block-group alignfull has-ast-global-color-2-background-color has-background is-layout-constrained wp-container-core-group-is-layout-ebd72932 wp-block-group-is-layout-constrained\" style=\"padding-top:80px;padding-right:80px;padding-bottom:80px;padding-left:80px\">\n<h2 class=\"wp-block-heading has-text-align-center has-ast-global-color-4-color has-text-color has-link-color has-x-large-font-size wp-elements-04a59e3dcd197259e879c824042cef62\">L\u2019association M\u00e9diation Rh\u00f4ne Alpes<\/h2>\n\n\n\n<p class=\"has-text-align-center has-ast-global-color-4-color has-text-color has-link-color wp-elements-fe77f558f0a57fa8991ac9bf92f98659\">Une structure ind\u00e9pendante au service du dialogue.<\/p>\n\n\n\n<p class=\"has-text-align-center has-ast-global-color-4-color has-text-color has-link-color wp-elements-c531f2948cb2cf3fd5eeeb55634d4525\">Nous facilitons la mise en relation entre particuliers, professionnels et m\u00e9diateurs qualifi\u00e9s en r\u00e9gion Rh\u00f4ne-Alpes.<\/p>\n<\/div>\n\n\n\n<div class=\"wp-block-group alignfull has-ast-global-color-5-background-color has-background is-layout-constrained wp-block-group-is-layout-constrained\">\n<h2 class=\"wp-block-heading\">R\u00e9concilier plut\u00f4t que diviser<\/h2>\n\n\n\n<p>Nous croyons qu\u2019un conflit ne doit pas devenir une rupture.<br>La m\u00e9diation offre une alternative plus rapide, plus humaine et plus constructive qu\u2019une proc\u00e9dure judiciaire.<\/p>\n<\/div>\n\n\n\n<div class=\"wp-block-group alignfull has-ast-global-color-5-background-color has-background is-layout-constrained wp-block-group-is-layout-constrained\">\n<div class=\"wp-block-columns is-layout-flex wp-container-core-columns-is-layout-28f84493 wp-block-columns-is-layout-flex\">\n<div class=\"wp-block-column is-layout-flow wp-block-column-is-layout-flow\" style=\"padding-top:var(--wp--preset--spacing--20);padding-right:var(--wp--preset--spacing--20);padding-bottom:var(--wp--preset--spacing--20);padding-left:var(--wp--preset--spacing--20)\">\n<div class=\"wp-block-group alignfull is-layout-constrained wp-container-core-group-is-layout-0f772c33 wp-block-group-is-layout-constrained\" style=\"border-width:1px;border-top-left-radius:20px;border-top-right-radius:20px;border-bottom-left-radius:20px;border-bottom-right-radius:20px;min-height:0px;margin-top:0;margin-bottom:0;padding-top:var(--wp--preset--spacing--20);padding-right:var(--wp--preset--spacing--20);padding-bottom:var(--wp--preset--spacing--20);padding-left:var(--wp--preset--spacing--20);box-shadow:var(--wp--preset--shadow--deep)\">\n<h2 class=\"wp-block-heading has-text-align-center has-medium-font-size\">Ind\u00e9pendance<\/h2>\n\n\n\n<p class=\"has-text-align-center\">Chaque m\u00e9diateur exerce en toute autonomie, neutralit\u00e9 et impartialit\u00e9.<\/p>\n<\/div>\n<\/div>\n\n\n\n<div class=\"wp-block-column is-vertically-aligned-center is-layout-flow wp-block-column-is-layout-flow\" style=\"border-width:1px;border-top-left-radius:20px;border-top-right-radius:20px;border-bottom-left-radius:20px;border-bottom-right-radius:20px;padding-top:var(--wp--preset--spacing--20);padding-right:var(--wp--preset--spacing--20);padding-bottom:var(--wp--preset--spacing--20);padding-left:var(--wp--preset--spacing--20);box-shadow:var(--wp--preset--shadow--deep)\">\n<h2 class=\"wp-block-heading has-text-align-center has-medium-font-size\">Confidentialit\u00e9<\/h2>\n\n\n\n<p class=\"has-text-align-center\">Les \u00e9changes sont prot\u00e9g\u00e9s et respectent strictement la vie priv\u00e9e des parties.<\/p>\n<\/div>\n\n\n\n<div class=\"wp-block-column is-vertically-aligned-center is-layout-flow wp-block-column-is-layout-flow\" style=\"border-width:1px;border-top-left-radius:20px;border-top-right-radius:20px;border-bottom-left-radius:20px;border-bottom-right-radius:20px;padding-top:var(--wp--preset--spacing--20);padding-right:var(--wp--preset--spacing--20);padding-bottom:var(--wp--preset--spacing--20);padding-left:var(--wp--preset--spacing--20);box-shadow:var(--wp--preset--shadow--deep)\">\n<h2 class=\"wp-block-heading has-text-align-center has-medium-font-size\">Professionnalisme<\/h2>\n\n\n\n<p class=\"has-text-align-center\">Des m\u00e9diateurs form\u00e9s et engag\u00e9s dans une pratique \u00e9thique exigeante.<\/p>\n<\/div>\n<\/div>\n<\/div>\n\n\n\n<div class=\"wp-block-group alignfull has-ast-global-color-5-background-color has-background is-layout-constrained wp-block-group-is-layout-constrained\">\n<h2 class=\"wp-block-heading\">Comment fonctionne l\u2019association ?<\/h2>\n\n\n\n<p>M\u00e9diation Rh\u00f4ne Alpes agit comme structure de mise en relation.<br>Les honoraires sont fix\u00e9s directement par chaque m\u00e9diateur, en toute transparence.<\/p>\n<\/div>\n\n\n\n<div class=\"wp-block-group alignfull has-ast-global-color-5-background-color has-background is-layout-constrained wp-block-group-is-layout-constrained\">\n<h2 class=\"wp-block-heading\">Pourquoi une association ?<\/h2>\n\n\n\n<p>Le statut associatif garantit une d\u00e9marche orient\u00e9e vers l\u2019int\u00e9r\u00eat des parties.<br>Notre objectif est de promouvoir une r\u00e9solution apais\u00e9e des conflits.<\/p>\n<\/div>\n\n\n\n<div class=\"wp-block-group alignfull has-ast-global-color-2-background-color has-background is-layout-constrained wp-block-group-is-layout-constrained\">\n<h2 class=\"wp-block-heading has-ast-global-color-4-color has-text-color has-link-color wp-elements-7fb2da5517621d5d63e0e799286d2476\">Une autre voie est possible.<\/h2>\n\n\n\n<p class=\"has-ast-global-color-4-color has-text-color has-link-color wp-elements-161616b9e74b192ea1c19e03648c88c9\">Avant d\u2019engager une proc\u00e9dure longue et co\u00fbteuse, explorez la m\u00e9diation.<\/p>\n\n\n\n<div class=\"wp-block-buttons is-content-justification-center is-layout-flex wp-container-core-buttons-is-layout-a89b3969 wp-block-buttons-is-layout-flex\">\n<div class=\"wp-block-button\"><a class=\"wp-block-button__link wp-element-button\">Trouver un m\u00e9diateur<\/a><\/div>\n<\/div>\n<\/div>\n\n\n\n<p><\/p>\n","protected":false},"excerpt":{"rendered":"<p>L\u2019association M\u00e9diation Rh\u00f4ne Alpes Une structure ind\u00e9pendante au service du dialogue. Nous facilitons la mise en relation entre particuliers, professionnels [&hellip;]<\/p>\n","protected":false},"author":1,"featured_media":0,"parent":0,"menu_order":0,"comment_status":"closed","ping_status":"closed","template":"","meta":{"site-sidebar-layout":"default","site-content-layout":"","ast-site-content-layout":"default","site-content-style":"default","site-sidebar-style":"default","ast-global-header-display":"","ast-banner-title-visibility":"","ast-main-header-display":"","ast-hfb-above-header-display":"","ast-hfb-below-header-display":"","ast-hfb-mobile-header-display":"","site-post-title":"disabled","ast-breadcrumbs-content":"","ast-featured-img":"","footer-sml-layout":"","ast-disable-related-posts":"","theme-transparent-header-meta":"","adv-header-id-meta":"","stick-header-meta":"","header-above-stick-meta":"","header-main-stick-meta":"","header-below-stick-meta":"","astra-migrate-meta-layouts":"default","ast-page-background-enabled":"default","ast-page-background-meta":{"desktop":{"background-color":"var(--ast-global-color-5)","background-image":"","background-repeat":"repeat","background-position":"center center","background-size":"auto","background-attachment":"scroll","background-type":"","background-media":"","overlay-type":"","overlay-color":"","overlay-opacity":"","overlay-gradient":""},"tablet":{"background-color":"","background-image":"","background-repeat":"repeat","background-position":"center center","background-size":"auto","background-attachment":"scroll","background-type":"","background-media":"","overlay-type":"","overlay-color":"","overlay-opacity":"","overlay-gradient":""},"mobile":{"background-color":"","background-image":"","background-repeat":"repeat","background-position":"center center","background-size":"auto","background-attachment":"scroll","background-type":"","background-media":"","overlay-type":"","overlay-color":"","overlay-opacity":"","overlay-gradient":""}},"ast-content-background-meta":{"desktop":{"background-color":"var(--ast-global-color-4)","background-image":"","background-repeat":"repeat","background-position":"center center","background-size":"auto","background-attachment":"scroll","background-type":"","background-media":"","overlay-type":"","overlay-color":"","overlay-opacity":"","overlay-gradient":""},"tablet":{"background-color":"var(--ast-global-color-4)","background-image":"","background-repeat":"repeat","background-position":"center center","background-size":"auto","background-attachment":"scroll","background-type":"","background-media":"","overlay-type":"","overlay-color":"","overlay-opacity":"","overlay-gradient":""},"mobile":{"background-color":"var(--ast-global-color-4)","background-image":"","background-repeat":"repeat","background-position":"center center","background-size":"auto","background-attachment":"scroll","background-type":"","background-media":"","overlay-type":"","overlay-color":"","overlay-opacity":"","overlay-gradient":""}},"footnotes":""},"class_list":["post-10","page","type-page","status-publish","hentry"],"_links":{"self":[{"href":"https:\/\/mediation-rhone-alpes.com\/index.php\/wp-json\/wp\/v2\/pages\/10","targetHints":{"allow":["GET"]}}],"collection":[{"href":"https:\/\/mediation-rhone-alpes.com\/index.php\/wp-json\/wp\/v2\/pages"}],"about":[{"href":"https:\/\/mediation-rhone-alpes.com\/index.php\/wp-json\/wp\/v2\/types\/page"}],"author":[{"embeddable":true,"href":"https:\/\/mediation-rhone-alpes.com\/index.php\/wp-json\/wp\/v2\/users\/1"}],"replies":[{"embeddable":true,"href":"https:\/\/mediation-rhone-alpes.com\/index.php\/wp-json\/wp\/v2\/comments?post=10"}],"version-history":[{"count":6,"href":"https:\/\/mediation-rhone-alpes.com\/index.php\/wp-json\/wp\/v2\/pages\/10\/revisions"}],"predecessor-version":[{"id":70,"href":"https:\/\/mediation-rhone-alpes.com\/index.php\/wp-json\/wp\/v2\/pages\/10\/revisions\/70"}],"wp:attachment":[{"href":"https:\/\/mediation-rhone-alpes.com\/index.php\/wp-json\/wp\/v2\/media?parent=10"}],"curies":[{"name":"wp","href":"https:\/\/api.w.org\/{rel}","templated":true}]}}